{"id":13,"date":"2018-11-11T18:12:58","date_gmt":"2018-11-11T18:12:58","guid":{"rendered":"http:\/\/gaeuwriters.de\/?page_id=13"},"modified":"2018-12-19T14:46:46","modified_gmt":"2018-12-19T14:46:46","slug":"ueber-den-verlag-phrasanova-medien","status":"publish","type":"page","link":"http:\/\/gaeuwriters.de\/?page_id=13","title":{"rendered":"\u00dcber den Verlag Phrasanova-Medien"},"content":{"rendered":"<p><strong>\u00dcber den Verlag<\/strong><br \/>\nPhrasanova-Medien ist Verlag und Medienagentur zugleich. Phrasanova-Medien ist ein so genannter Kleinstverlag.<\/p>\n<p>Daniel Faust hat den Verlag Phrasanova-Medien im Januar 2018 in Hochdorf bei Nagold gegr\u00fcndet. Vorrangig m\u00f6chte er seine eigenen (belletristischen, aber auch journalistischen) Publikationen \u00fcber den Verlag ver\u00f6ffentlichen und vermarkten. Daneben werden Gemeinschaftsprojekte, wie das Buch \u201eRandfiguren\u201c der \u201eG\u00e4uwriters\u201c \u00fcber den Verlag publiziert.<\/p>\n<p>Der Name Phrasanova-Medien ist eine Anspielung auf den M\u00e4dchennamen von Daniel Fausts Mutter. Sie hie\u00df bis zur Heirat mit dem Vater von Daniel Faust Neuhaus. Auf Italienisch \u201eCasanova\u201c. Abgeleitet davon der Bezug zum gesprochenen oder geschriebenen Wort \u201ePhrasanova\u201c.<br \/>\nDas Redaktionsb\u00fcro Faustschlagzeilen, das Daniel Faust betreibt, geht auf den Familiennamen zur\u00fcck.<\/p>\n<p><strong>\u00dcber die Medienagentur<\/strong><br \/>\nPhrasanova-Medien ist Verlag und Medienagentur zugleich.<br \/>\nPhrasanova-Medien ist eine kleine Medienagentur, die Autoren bei der Publikation von Texten vom Schreiben bis zur Vermarktung unterst\u00fctzen kann. Der Inhaber Daniel Faust verf\u00fcgt \u00fcber Erfahrungen in Verlagen, Agenturen und Redaktionen. Er ist in der Lage, Texte ver\u00f6ffentlichungsreif zu machen.<br \/>\nDaneben kann Daniel Faust mit seiner Agentur Publikationen marktreif entwickeln und produzieren.<\/p>\n<p>Daniel Faust ist versiert in den Bereichen<br \/>\nCorporate Publishing<br \/>\nPressearbeit<br \/>\nSocial Media<br \/>\nNewsletter<br \/>\nWhitepaper<br \/>\nContent Marketing f\u00fcr Unternehmen und Institutionen.<\/p>\n<p>Referenzen gibt es unter <a href=\"mailto:danielfaust@gmx.net\">danielfaust@gmx.net<\/a><\/p>\n","protected":false},"excerpt":{"rendered":"<p>\u00dcber den Verlag Phrasanova-Medien ist Verlag und Medienagentur zugleich. Phrasanova-Medien ist ein so genannter Kleinstverlag. Daniel Faust hat den Verlag Phrasanova-Medien im Januar 2018 in Hochdorf bei Nagold gegr\u00fcndet. Vorrangig m\u00f6chte er seine eigenen (belletristischen, aber auch journalistischen) Publikationen \u00fcber den Verlag ver\u00f6ffentlichen und vermarkten. Daneben werden Gemeinschaftsprojekte, wie das Buch \u201eRandfiguren\u201c der \u201eG\u00e4uwriters\u201c \u00fcber &hellip; <a href=\"http:\/\/gaeuwriters.de\/?page_id=13\" class=\"more-link\"><span class=\"screen-reader-text\">&#8222;\u00dcber den Verlag Phrasanova-Medien&#8220; <\/span>weiterlesen<\/a><\/p>\n","protected":false},"author":1,"featured_media":0,"parent":0,"menu_order":50,"comment_status":"closed","ping_status":"closed","template":"","meta":[],"_links":{"self":[{"href":"http:\/\/gaeuwriters.de\/index.php?rest_route=\/wp\/v2\/pages\/13"}],"collection":[{"href":"http:\/\/gaeuwriters.de\/index.php?rest_route=\/wp\/v2\/pages"}],"about":[{"href":"http:\/\/gaeuwriters.de\/index.php?rest_route=\/wp\/v2\/types\/page"}],"author":[{"embeddable":true,"href":"http:\/\/gaeuwriters.de\/index.php?rest_route=\/wp\/v2\/users\/1"}],"replies":[{"embeddable":true,"href":"http:\/\/gaeuwriters.de\/index.php?rest_route=%2Fwp%2Fv2%2Fcomments&post=13"}],"version-history":[{"count":3,"href":"http:\/\/gaeuwriters.de\/index.php?rest_route=\/wp\/v2\/pages\/13\/revisions"}],"predecessor-version":[{"id":72,"href":"http:\/\/gaeuwriters.de\/index.php?rest_route=\/wp\/v2\/pages\/13\/revisions\/72"}],"wp:attachment":[{"href":"http:\/\/gaeuwriters.de\/index.php?rest_route=%2Fwp%2Fv2%2Fmedia&parent=13"}],"curies":[{"name":"wp","href":"https:\/\/api.w.org\/{rel}","templated":true}]}}