{"id":8,"date":"2018-11-11T18:12:21","date_gmt":"2018-11-11T18:12:21","guid":{"rendered":"http:\/\/gaeuwriters.de\/?page_id=8"},"modified":"2019-01-23T15:04:20","modified_gmt":"2019-01-23T15:04:20","slug":"die-autoren","status":"publish","type":"page","link":"http:\/\/gaeuwriters.de\/?page_id=8","title":{"rendered":"Die Autoren"},"content":{"rendered":"<p>Das sind die <strong>G\u00e4uWriters<\/strong>:<\/p>\n<p><strong>Birgit \u00d6rter<\/strong>, Jahrgang 1962, geb\u00fcrtige Hessin, viele Jahre Wahl-Schw\u00e4bin und seit Kurzem in Niedersachsen zuhause, hat ihr berufliches Leben schwerpunktm\u00e4\u00dfig mit und am PC verbracht. Da Excel-Zellen wenig Platz f\u00fcr Phantasie lassen, bietet das kreative Schreiben hier neue Entfaltungsm\u00f6glichkeiten. Besonders gerne formuliert sie Texte um, korrigiert Tippfehler und diskutiert \u00fcber Kommata-Regeln.<\/p>\n<figure id=\"attachment_61\" aria-describedby=\"caption-attachment-61\" style=\"width: 214px\" class=\"wp-caption alignnone\"><img loading=\"lazy\" class=\" wp-image-61\" src=\"http:\/\/gaeuwriters.de\/wp-content\/uploads\/2018\/12\/Foto-Birgit-\u00d6rter-221x300.jpg\" alt=\"\" width=\"214\" height=\"290\" srcset=\"http:\/\/gaeuwriters.de\/wp-content\/uploads\/2018\/12\/Foto-Birgit-\u00d6rter-221x300.jpg 221w, http:\/\/gaeuwriters.de\/wp-content\/uploads\/2018\/12\/Foto-Birgit-\u00d6rter.jpg 547w\" sizes=\"(max-width: 214px) 85vw, 214px\" \/><figcaption id=\"caption-attachment-61\" class=\"wp-caption-text\">&#8211;<\/figcaption><\/figure>\n<p><strong>Gabi Kast<\/strong>, geboren 1955 in Karlsruhe, wohnt seit 1984 im G\u00e4u. Sie arbeitete in der chemischen Industrie. Geschichtenschreiben geh\u00f6rt schon seit der Schulzeit zu ihren Hobbys. Sie spielt gerne mit Worten, um diese in Reime und Texte zu verwandeln. Das Erfinden neuer Geschichten bedeutet, neue W\u00f6rter zu lernen und neue Gedanken zu denken. Sie liest viel, am liebsten Krimis, n\u00e4ht gerne und liebt die Natur. Der ideale Ausgleich zum technischen Alltagsleben.<\/p>\n<p><img loading=\"lazy\" class=\"alignnone  wp-image-63\" src=\"http:\/\/gaeuwriters.de\/wp-content\/uploads\/2018\/12\/35-205x300.jpg\" alt=\"\" width=\"212\" height=\"310\" srcset=\"http:\/\/gaeuwriters.de\/wp-content\/uploads\/2018\/12\/35-205x300.jpg 205w, http:\/\/gaeuwriters.de\/wp-content\/uploads\/2018\/12\/35.jpg 552w\" sizes=\"(max-width: 212px) 85vw, 212px\" \/><\/p>\n<p><strong>Alexander Courz <\/strong>ist das Pseudonym eines unverbesserlichen Melancholikers und Tr\u00e4umers, der im Jahre 1957 in Aachen das Licht der Welt erblickte. Er liebt seine Familie, seine Arbeit und die Natur. Und er liebt die Zeit, die er seit einigen Jahren mit dem Niederschreiben von Courz \u2013 haha! &#8211; Geschichten, Gedichten und der Arbeit an einem historischen Roman verbringt. Und er ist wild entschlossen, diesen Roman eines Tages fertigzustellen und zu ver\u00f6ffentlichen.<\/p>\n<p><img loading=\"lazy\" class=\"alignnone  wp-image-60\" src=\"http:\/\/gaeuwriters.de\/wp-content\/uploads\/2018\/12\/Autorenbild-Paris-La-D\u00e9fense-4-212x300.jpg\" alt=\"\" width=\"217\" height=\"307\" srcset=\"http:\/\/gaeuwriters.de\/wp-content\/uploads\/2018\/12\/Autorenbild-Paris-La-D\u00e9fense-4-212x300.jpg 212w, http:\/\/gaeuwriters.de\/wp-content\/uploads\/2018\/12\/Autorenbild-Paris-La-D\u00e9fense-4-768x1086.jpg 768w, http:\/\/gaeuwriters.de\/wp-content\/uploads\/2018\/12\/Autorenbild-Paris-La-D\u00e9fense-4-724x1024.jpg 724w, http:\/\/gaeuwriters.de\/wp-content\/uploads\/2018\/12\/Autorenbild-Paris-La-D\u00e9fense-4.jpg 794w\" sizes=\"(max-width: 217px) 85vw, 217px\" \/><\/p>\n<p><strong>Daniel Faust <\/strong>wurde im Jahr 1983 im nordrhein-westf\u00e4lischen Radevormwald geboren und arbeitet als Redakteur f\u00fcr einen Fachverlag und von seinem Redaktionsb\u00fcro in Nagold aus f\u00fcr verschiedene Medien. Wenn er, was nur ganz selten vorkommt, mal nicht schreibt oder Texte korrigiert und lektoriert, liest er gerne B\u00fccher, spielt Tischtennis im Verein oder bricht Platzrekorde auf den umliegenden Minigolfanlagen.<\/p>\n<p><img loading=\"lazy\" class=\"alignnone wp-image-9\" src=\"http:\/\/gaeuwriters.de\/wp-content\/uploads\/2018\/11\/df11-276x300.jpg\" alt=\"\" width=\"217\" height=\"236\" srcset=\"http:\/\/gaeuwriters.de\/wp-content\/uploads\/2018\/11\/df11-276x300.jpg 276w, http:\/\/gaeuwriters.de\/wp-content\/uploads\/2018\/11\/df11-768x834.jpg 768w, http:\/\/gaeuwriters.de\/wp-content\/uploads\/2018\/11\/df11-943x1024.jpg 943w, http:\/\/gaeuwriters.de\/wp-content\/uploads\/2018\/11\/df11.jpg 1305w\" sizes=\"(max-width: 217px) 85vw, 217px\" \/><\/p>\n","protected":false},"excerpt":{"rendered":"<p>Das sind die G\u00e4uWriters: Birgit \u00d6rter, Jahrgang 1962, geb\u00fcrtige Hessin, viele Jahre Wahl-Schw\u00e4bin und seit Kurzem in Niedersachsen zuhause, hat ihr berufliches Leben schwerpunktm\u00e4\u00dfig mit und am PC verbracht. Da Excel-Zellen wenig Platz f\u00fcr Phantasie lassen, bietet das kreative Schreiben hier neue Entfaltungsm\u00f6glichkeiten. Besonders gerne formuliert sie Texte um, korrigiert Tippfehler und diskutiert \u00fcber Kommata-Regeln. &hellip; <a href=\"http:\/\/gaeuwriters.de\/?page_id=8\" class=\"more-link\"><span class=\"screen-reader-text\">&#8222;Die Autoren&#8220; <\/span>weiterlesen<\/a><\/p>\n","protected":false},"author":1,"featured_media":0,"parent":0,"menu_order":9,"comment_status":"closed","ping_status":"closed","template":"","meta":[],"_links":{"self":[{"href":"http:\/\/gaeuwriters.de\/index.php?rest_route=\/wp\/v2\/pages\/8"}],"collection":[{"href":"http:\/\/gaeuwriters.de\/index.php?rest_route=\/wp\/v2\/pages"}],"about":[{"href":"http:\/\/gaeuwriters.de\/index.php?rest_route=\/wp\/v2\/types\/page"}],"author":[{"embeddable":true,"href":"http:\/\/gaeuwriters.de\/index.php?rest_route=\/wp\/v2\/users\/1"}],"replies":[{"embeddable":true,"href":"http:\/\/gaeuwriters.de\/index.php?rest_route=%2Fwp%2Fv2%2Fcomments&post=8"}],"version-history":[{"count":5,"href":"http:\/\/gaeuwriters.de\/index.php?rest_route=\/wp\/v2\/pages\/8\/revisions"}],"predecessor-version":[{"id":87,"href":"http:\/\/gaeuwriters.de\/index.php?rest_route=\/wp\/v2\/pages\/8\/revisions\/87"}],"wp:attachment":[{"href":"http:\/\/gaeuwriters.de\/index.php?rest_route=%2Fwp%2Fv2%2Fmedia&parent=8"}],"curies":[{"name":"wp","href":"https:\/\/api.w.org\/{rel}","templated":true}]}}