{"id":19,"date":"2018-11-11T18:12:12","date_gmt":"2018-11-11T18:12:12","guid":{"rendered":"http:\/\/gaeuwriters.de\/?page_id=19"},"modified":"2018-12-30T19:48:55","modified_gmt":"2018-12-30T19:48:55","slug":"das-buch-randfiguren","status":"publish","type":"page","link":"https:\/\/gaeuwriters.de\/?page_id=19","title":{"rendered":"Das Buch &#8220;Randfiguren&#8221;"},"content":{"rendered":"<p><img loading=\"lazy\" class=\"alignnone size-medium wp-image-65\" src=\"http:\/\/gaeuwriters.de\/wp-content\/uploads\/2018\/12\/randfiguren-5.1-Ebook-12.12.2018-186x300.jpg\" alt=\"\" width=\"186\" height=\"300\" srcset=\"https:\/\/gaeuwriters.de\/wp-content\/uploads\/2018\/12\/randfiguren-5.1-Ebook-12.12.2018-186x300.jpg 186w, https:\/\/gaeuwriters.de\/wp-content\/uploads\/2018\/12\/randfiguren-5.1-Ebook-12.12.2018.jpg 526w\" sizes=\"(max-width: 186px) 85vw, 186px\" \/><\/p>\n<p>Basierend auf einem \u201eTrue Crime\u201c, dem so genannten \u201eStuttgarter Koffer-Mord\u201c-Fall, haben die \u201eG\u00e4uWriters\u201c, einer Autorengruppe aus der Region Stuttgart, einen Lokalkrimi geschrieben.<\/p>\n<p>Der Mord an zwei Menschen, die grausam get\u00f6tet und sp\u00e4ter in zwei Koffern gepackt und einfach an einer Stelle im Schlossgarten entsorgt wurden, besch\u00e4ftigt im Sommer 2014 den Protagonisten im Buch Immobilien-Makler Stefan Bach. Er f\u00fchlt sich im Stuttgarter Osten mitverantwortlich f\u00fcr ein friedliches Zusammenleben, nicht nur wegen seines Berufes und seiner Auftr\u00e4ge, sondern weil ihm die Menschen rund um den Ostendplatz im Stuttgarter am Herzen liegen. Es l\u00e4sst den Kommunalpolitiker und K\u00fcmmerer vor allem nicht kalt, dass die beiden Mordopfer aus der Obdachlosen-Szene aus Stuttgart-Ost kommen. Wegen seiner Neugier und seiner Beharrlichkeit geraten nicht nur Trainingspl\u00e4ne f\u00fcr den Stuttgartlauf, sondern auch er selbst, in h\u00f6chste Gefahr. Bach f\u00e4ngt an, Informationen aus Medien und anderen Quellen zu sammeln und sich so sein eigenes Bild \u00fcber den Fall zu machen.<\/p>\n<p>Auf 248 Seiten kann der Leser mit dem Protagonisten Stefan Bach auf die realen und fiktiven Spuren des M\u00f6rders im Osten der Stadt gehen und das R\u00e4tsel rund um die fiktiven Todesumst\u00e4nde der\u00a0 beiden Opfer, eine Frau und ein Mann, l\u00f6sen.<\/p>\n<p>Den Mord an den beiden aus dem Obdachlosen-Milieu hat es so gegeben. Viele der Szenen spielen an realen Orten und auch Ereignisse so tats\u00e4chlich passiert, doch die Geschichten der beiden fiktiven Opfer und von Stefan Bach und seinem Umfeld sind in der Fantasie der \u201eG\u00e4uWriters\u201c entstanden und nun in einem Buch mit dem Namen \u201eRandfiguren\u201c ver\u00f6ffentlicht worden.<\/p>\n<p>Das Buch ist im Verlag \u201ePhrasanova-Medien\u201c erschienen und ist damit nicht nur das Erstlingswerk der \u201eG\u00e4uWriters\u201c, sondern auch die erste Publikation des Verlags.<\/p>\n<p>\u201eRandfiguren\u201c ist bei mehreren Anbietern erh\u00e4ltlich, zum Beispiel bei Amazon: <a href=\"https:\/\/amzn.to\/2LIEZYg\">https:\/\/amzn.to\/2LIEZYg<\/a> oder bei BOD <a href=\"https:\/\/bit.ly\/2EWpw6l\">https:\/\/bit.ly\/2EWpw6l\u00a0<\/a><\/p>\n","protected":false},"excerpt":{"rendered":"<p>Basierend auf einem \u201eTrue Crime\u201c, dem so genannten \u201eStuttgarter Koffer-Mord\u201c-Fall, haben die \u201eG\u00e4uWriters\u201c, einer Autorengruppe aus der Region Stuttgart, einen Lokalkrimi geschrieben. Der Mord an zwei Menschen, die grausam get\u00f6tet und sp\u00e4ter in zwei Koffern gepackt und einfach an einer Stelle im Schlossgarten entsorgt wurden, besch\u00e4ftigt im Sommer 2014 den Protagonisten im Buch Immobilien-Makler Stefan &hellip; <a href=\"https:\/\/gaeuwriters.de\/?page_id=19\" class=\"more-link\"><span class=\"screen-reader-text\">&#8222;Das Buch &#8220;Randfiguren&#8221;&#8220; <\/span>weiterlesen<\/a><\/p>\n","protected":false},"author":1,"featured_media":0,"parent":0,"menu_order":10,"comment_status":"closed","ping_status":"closed","template":"","meta":[],"_links":{"self":[{"href":"https:\/\/gaeuwriters.de\/index.php?rest_route=\/wp\/v2\/pages\/19"}],"collection":[{"href":"https:\/\/gaeuwriters.de\/index.php?rest_route=\/wp\/v2\/pages"}],"about":[{"href":"https:\/\/gaeuwriters.de\/index.php?rest_route=\/wp\/v2\/types\/page"}],"author":[{"embeddable":true,"href":"https:\/\/gaeuwriters.de\/index.php?rest_route=\/wp\/v2\/users\/1"}],"replies":[{"embeddable":true,"href":"https:\/\/gaeuwriters.de\/index.php?rest_route=%2Fwp%2Fv2%2Fcomments&post=19"}],"version-history":[{"count":5,"href":"https:\/\/gaeuwriters.de\/index.php?rest_route=\/wp\/v2\/pages\/19\/revisions"}],"predecessor-version":[{"id":81,"href":"https:\/\/gaeuwriters.de\/index.php?rest_route=\/wp\/v2\/pages\/19\/revisions\/81"}],"wp:attachment":[{"href":"https:\/\/gaeuwriters.de\/index.php?rest_route=%2Fwp%2Fv2%2Fmedia&parent=19"}],"curies":[{"name":"wp","href":"https:\/\/api.w.org\/{rel}","templated":true}]}}